{"id":15000,"date":"2024-11-16T20:17:07","date_gmt":"2024-11-16T20:17:07","guid":{"rendered":"https:\/\/www.chtrad.com\/?page_id=15000"},"modified":"2025-09-25T13:11:26","modified_gmt":"2025-09-25T13:11:26","slug":"interpreter-rate","status":"publish","type":"page","link":"https:\/\/www.chtrad.com\/en\/interpreter-rate\/","title":{"rendered":"Rate"},"content":{"rendered":"\n<div class=\"wp-block-uagb-container uagb-block-545a6b87 alignfull uagb-is-root-container\"><div class=\"uagb-container-inner-blocks-wrap\">\n<div class=\"wp-block-uagb-advanced-heading uagb-block-g34scvoa\"><h1 class=\"uagb-heading-text\">Interpreter rate<\/h1><p class=\"uagb-desc-text\">Cost principles for interpreting<mark class=\"uagb-highlight\"> <\/mark>services<\/p><\/div>\n\n\n\n<div class=\"uagb-position__sticky wp-block-uagb-container uagb-layout-flex uagb-block-25765e6d alignfull uagb-is-root-container\"><div class=\"uagb-container-inner-blocks-wrap\">\n<div class=\"wp-block-uagb-marketing-button uagb-marketing-btn__align-left uagb-marketing-btn__align-text-right uagb-marketing-btn__icon-after uagb-block-3093c5a4 wp-block-button\"><a href=\"#en-contact\" class=\"uagb-marketing-btn__link wp-block-button__link\" target=\"\" rel=\"noopener noreferrer\"><span class=\"uagb-marketing-btn__title\">Contact us<\/span><\/a><\/div>\n<\/div><\/div>\n<\/div><\/div>\n\n\n\n<div class=\"wp-block-uagb-container uagb-block-u4zl6dvg alignfull uagb-is-root-container\"><div class=\"uagb-container-inner-blocks-wrap\">\n<div class=\"wp-block-uagb-info-box uagb-block-ravp6b3a uagb-infobox__content-wrap  uagb-infobox-icon-above-title uagb-infobox-image-valign-top\"><div class=\"uagb-ifb-content\"><div class=\"uagb-ifb-title-wrap\"><h2 class=\"uagb-ifb-title\">Conference interpretation is always charged per day<\/h2><\/div><p class=\"uagb-ifb-desc\">Here&#8217;s why<\/p><\/div><\/div>\n\n\n\n<div class=\"wp-block-uagb-container uagb-block-yqiqxbrd\">\n<div class=\"wp-block-uagb-container uagb-block-fnhqygkc\">\n<div class=\"wp-block-uagb-container uagb-block-htfic6z6\">\n<div class=\"wp-block-uagb-advanced-heading uagb-block-79qy0yk3\"><h3 class=\"uagb-heading-text\">Preparation <mark class=\"uagb-highlight\">time<\/mark><\/h3><\/div>\n<\/div>\n\n\n\n<div class=\"wp-block-uagb-container uagb-block-nwxycg09\">\n<div class=\"wp-block-uagb-advanced-heading uagb-block-zcytz0pu\"><p class=\"uagb-heading-text\">Every assignment, no matter how long, takes time to prepare. It takes just as long to prepare for a one-and-a-half-hour meeting as it does for a day-long or week-long conference.<br><br>What\u2019s more, a short assignment can be even more challenging, as the interpreter doesn&#8217;t have time to immerse themselves in the subject and has to hit the ground running.<\/p><\/div>\n<\/div>\n<\/div>\n\n\n\n<div class=\"wp-block-uagb-container uagb-block-31jbmekw\">\n<div class=\"wp-block-uagb-container uagb-block-uvms3tyh\">\n<div class=\"wp-block-uagb-advanced-heading uagb-block-4upfvo8f\"><h3 class=\"uagb-heading-text\">Service <mark class=\"uagb-highlight\">guarantee<\/mark><\/h3><\/div>\n<\/div>\n\n\n\n<div class=\"wp-block-uagb-container uagb-block-c0nhasaz\">\n<div class=\"wp-block-uagb-advanced-heading uagb-block-c4qdo6iu\"><p class=\"uagb-heading-text\">The rule is that the interpreter dedicates their entire day to one client.<br><br>Even if your meeting only lasts an hour, they remain available in case you need them. Your meeting might start late or extend beyond the scheduled time; your agenda could change at the last minute or your CEO might decide to speak when available, without notice. And if this happens, we&#8217;re there for you. At no point will the interpreter look at their watch and say, &#8220;I have another meeting, I need to go&#8221;.<br><br>Interpreting is a highly demanding profession, and an interpreter is a highly qualified specialist. However, we view interpreting as a service profession, and accommodating unforeseen circumstances and changes is part of that commitment.<\/p><\/div>\n<\/div>\n<\/div>\n\n\n\n<div class=\"wp-block-uagb-container uagb-block-31170a0b\">\n<div class=\"wp-block-uagb-container uagb-block-d61e0541\">\n<div class=\"wp-block-uagb-advanced-heading uagb-block-dbbbd0ad\"><h3 class=\"uagb-heading-text\">Service <mark class=\"uagb-highlight\">quality<\/mark><\/h3><\/div>\n<\/div>\n\n\n\n<div class=\"wp-block-uagb-container uagb-block-6eb41a0e\">\n<div class=\"wp-block-uagb-advanced-heading uagb-block-3506e3ea\"><p class=\"uagb-heading-text\">Every meeting requires meticulous preparation, even a meeting which you say &#8220;won&#8217;t be technical&#8221;.<br><br>Preparing for and attending two meetings in the same day could affect the quality of the interpretation.<\/p><\/div>\n<\/div>\n<\/div>\n\n\n\n<div class=\"wp-block-uagb-container uagb-block-4e59227f\">\n<div class=\"wp-block-uagb-container uagb-block-9e611f17\">\n<div class=\"wp-block-uagb-advanced-heading uagb-block-0c1993c1\"><h3 class=\"uagb-heading-text\"><mark class=\"uagb-highlight\">Jour<\/mark>ney<\/h3><\/div>\n<\/div>\n\n\n\n<div class=\"wp-block-uagb-container uagb-block-3eb187be\">\n<div class=\"wp-block-uagb-advanced-heading uagb-block-9beba888\"><p class=\"uagb-heading-text\">The interpreter travels to meet their clients in the countryside, in industrial areas, in other cities, or abroad&#8230;<br><br>The time spent in transit is the same regardless of the length of the assignment. And the interpreter allows themselves plenty of time to make sure they never arrive late and to be on-site ahead of time.<br><br>This is another reason to not attempt assignments for two different clients in the same day!<\/p><\/div>\n<\/div>\n<\/div>\n\n\n\n<div class=\"wp-block-uagb-info-box uagb-block-74efdf17 uagb-infobox__content-wrap  uagb-infobox-icon-above-title uagb-infobox-image-valign-top\"><div class=\"uagb-ifb-content\"><div class=\"uagb-ifb-title-wrap\"><h2 class=\"uagb-ifb-title\">In addition to the daily rate, we may charge the following:<\/h2><\/div><\/div><\/div>\n\n\n\n<div class=\"wp-block-uagb-container uagb-block-124bb072\">\n<div class=\"wp-block-uagb-container uagb-block-7ee5274d\">\n<div class=\"wp-block-uagb-advanced-heading uagb-block-80dcbc27\"><h3 class=\"uagb-heading-text\"><mark class=\"uagb-highlight\">Approach<\/mark> fee<\/h3><\/div>\n<\/div>\n\n\n\n<div class=\"wp-block-uagb-container uagb-block-c777113c\">\n<div class=\"wp-block-uagb-advanced-heading uagb-block-a36920ca\"><p class=\"uagb-heading-text\">This is interpreter jargon for the allowance paid to the interpreter for the time spent travelling to and from home to their assignment location \u2013 not for taking the metro across Paris, but for catching a flight or train very early in the morning, very late in the evening, or the day before\/after the assignment.<br><br>This could be a half-day or sometimes a full day that the interpreter spends on a plane, on a train, in a car or at the airport waiting for a connection. They may not be interpreting but they are dedicating their time to you and not available for other assignments.<\/p><\/div>\n<\/div>\n<\/div>\n\n\n\n<div class=\"wp-block-uagb-container uagb-block-5a0986cd\">\n<div class=\"wp-block-uagb-container uagb-block-b5f8f417\">\n<div class=\"wp-block-uagb-advanced-heading uagb-block-a917cf91\"><h3 class=\"uagb-heading-text\"><em>Per <mark class=\"uagb-highlight\">diem<\/mark><\/em><\/h3><\/div>\n<\/div>\n\n\n\n<div class=\"wp-block-uagb-container uagb-block-799d8496\">\n<div class=\"wp-block-uagb-advanced-heading uagb-block-19c12e49\"><p class=\"uagb-heading-text\">As a joke, we often say that when the interpreter is on a business trip, they&#8217;re like a child. They need to be fed and, when it involves travel, they also need accommodation and transportation.<br><br>We can, of course, handle the logistics and book the necessary travel tickets and hotel for the interpreter.<br><br>In addition to the fees and expenses, per diems (a set amount decided in advance) are paid to the interpreter to cover their meals when these are not organised and provided by the client themselves, as well as any local transportation costs.<\/p><\/div>\n<\/div>\n<\/div>\n<\/div>\n<\/div><\/div>\n","protected":false},"excerpt":{"rendered":"<p>Interpreter rate Cost principles for interpreting services Preparation time Every assignment, no matter how long, takes time to prepare. It takes just as long to prepare for a one-and-a-half-hour meeting as it does for a day-long or week-long conference. What\u2019s more, a short assignment can be even more challenging, as the interpreter doesn&#8217;t have time [&hellip;]<\/p>\n","protected":false},"author":1,"featured_media":0,"parent":0,"menu_order":0,"comment_status":"closed","ping_status":"closed","template":"","meta":{"_uag_custom_page_level_css":"","_swt_meta_header_display":false,"_swt_meta_footer_display":false,"_swt_meta_site_title_display":false,"_swt_meta_sticky_header":false,"_swt_meta_transparent_header":false,"footnotes":""},"class_list":["post-15000","page","type-page","status-publish","hentry"],"yoast_head":"<!-- This site is optimized with the Yoast SEO plugin v27.4 - https:\/\/yoast.com\/product\/yoast-seo-wordpress\/ -->\n<title>Conference interpreter rate - CHTrad Paris<\/title>\n<meta name=\"description\" content=\"Preparation time and journey, service guarantee &amp; quality, approach &amp; per diem - we explain you the cost principles for interpreting services\" \/>\n<meta name=\"robots\" content=\"index, follow, max-snippet:-1, max-image-preview:large, max-video-preview:-1\" \/>\n<link rel=\"canonical\" href=\"https:\/\/www.chtrad.com\/en\/interpreter-rate\/\" \/>\n<meta property=\"og:locale\" content=\"en_US\" \/>\n<meta property=\"og:type\" content=\"article\" \/>\n<meta property=\"og:title\" content=\"Conference interpreter rate - CHTrad Paris\" \/>\n<meta property=\"og:description\" content=\"Preparation time and journey, service guarantee &amp; quality, approach &amp; per diem - we explain you the cost principles for interpreting services\" \/>\n<meta property=\"og:url\" content=\"https:\/\/www.chtrad.com\/en\/interpreter-rate\/\" \/>\n<meta property=\"og:site_name\" content=\"CH Traductions\" \/>\n<meta property=\"article:modified_time\" content=\"2025-09-25T13:11:26+00:00\" \/>\n<meta name=\"twitter:card\" content=\"summary_large_image\" \/>\n<meta name=\"twitter:label1\" content=\"Est. reading time\" \/>\n\t<meta name=\"twitter:data1\" content=\"3 minutes\" \/>\n<script type=\"application\/ld+json\" class=\"yoast-schema-graph\">{\"@context\":\"https:\\\/\\\/schema.org\",\"@graph\":[{\"@type\":\"WebPage\",\"@id\":\"https:\\\/\\\/www.chtrad.com\\\/en\\\/interpreter-rate\\\/\",\"url\":\"https:\\\/\\\/www.chtrad.com\\\/en\\\/interpreter-rate\\\/\",\"name\":\"Conference interpreter rate - CHTrad Paris\",\"isPartOf\":{\"@id\":\"https:\\\/\\\/www.chtrad.com\\\/#website\"},\"datePublished\":\"2024-11-16T20:17:07+00:00\",\"dateModified\":\"2025-09-25T13:11:26+00:00\",\"description\":\"Preparation time and journey, service guarantee & quality, approach & per diem - we explain you the cost principles for interpreting services\",\"breadcrumb\":{\"@id\":\"https:\\\/\\\/www.chtrad.com\\\/en\\\/interpreter-rate\\\/#breadcrumb\"},\"inLanguage\":\"en-US\",\"potentialAction\":[{\"@type\":\"ReadAction\",\"target\":[\"https:\\\/\\\/www.chtrad.com\\\/en\\\/interpreter-rate\\\/\"]}]},{\"@type\":\"BreadcrumbList\",\"@id\":\"https:\\\/\\\/www.chtrad.com\\\/en\\\/interpreter-rate\\\/#breadcrumb\",\"itemListElement\":[{\"@type\":\"ListItem\",\"position\":1,\"name\":\"Accueil\",\"item\":\"https:\\\/\\\/www.chtrad.com\\\/en\\\/\"},{\"@type\":\"ListItem\",\"position\":2,\"name\":\"Rate\"}]},{\"@type\":\"WebSite\",\"@id\":\"https:\\\/\\\/www.chtrad.com\\\/#website\",\"url\":\"https:\\\/\\\/www.chtrad.com\\\/\",\"name\":\"CH Traductions\",\"description\":\"Votre partenaire pour tout \u00e9v\u00e9nement ou projet multilingue, \u00e0 Paris et dans toute la France\",\"publisher\":{\"@id\":\"https:\\\/\\\/www.chtrad.com\\\/#organization\"},\"potentialAction\":[{\"@type\":\"SearchAction\",\"target\":{\"@type\":\"EntryPoint\",\"urlTemplate\":\"https:\\\/\\\/www.chtrad.com\\\/?s={search_term_string}\"},\"query-input\":{\"@type\":\"PropertyValueSpecification\",\"valueRequired\":true,\"valueName\":\"search_term_string\"}}],\"inLanguage\":\"en-US\"},{\"@type\":\"Organization\",\"@id\":\"https:\\\/\\\/www.chtrad.com\\\/#organization\",\"name\":\"CH Traductions, interpr\u00e9tation et traduction\",\"alternateName\":\"CHTrad\",\"url\":\"https:\\\/\\\/www.chtrad.com\\\/\",\"logo\":{\"@type\":\"ImageObject\",\"inLanguage\":\"en-US\",\"@id\":\"https:\\\/\\\/www.chtrad.com\\\/#\\\/schema\\\/logo\\\/image\\\/\",\"url\":\"https:\\\/\\\/www.chtrad.com\\\/wp-content\\\/uploads\\\/2024\\\/11\\\/traduction-interpretation-paris.jpg\",\"contentUrl\":\"https:\\\/\\\/www.chtrad.com\\\/wp-content\\\/uploads\\\/2024\\\/11\\\/traduction-interpretation-paris.jpg\",\"width\":512,\"height\":512,\"caption\":\"CH Traductions, interpr\u00e9tation et traduction\"},\"image\":{\"@id\":\"https:\\\/\\\/www.chtrad.com\\\/#\\\/schema\\\/logo\\\/image\\\/\"}}]}<\/script>\n<!-- \/ Yoast SEO plugin. -->","yoast_head_json":{"title":"Conference interpreter rate - CHTrad Paris","description":"Preparation time and journey, service guarantee & quality, approach & per diem - we explain you the cost principles for interpreting services","robots":{"index":"index","follow":"follow","max-snippet":"max-snippet:-1","max-image-preview":"max-image-preview:large","max-video-preview":"max-video-preview:-1"},"canonical":"https:\/\/www.chtrad.com\/en\/interpreter-rate\/","og_locale":"en_US","og_type":"article","og_title":"Conference interpreter rate - CHTrad Paris","og_description":"Preparation time and journey, service guarantee & quality, approach & per diem - we explain you the cost principles for interpreting services","og_url":"https:\/\/www.chtrad.com\/en\/interpreter-rate\/","og_site_name":"CH Traductions","article_modified_time":"2025-09-25T13:11:26+00:00","twitter_card":"summary_large_image","twitter_misc":{"Est. reading time":"3 minutes"},"schema":{"@context":"https:\/\/schema.org","@graph":[{"@type":"WebPage","@id":"https:\/\/www.chtrad.com\/en\/interpreter-rate\/","url":"https:\/\/www.chtrad.com\/en\/interpreter-rate\/","name":"Conference interpreter rate - CHTrad Paris","isPartOf":{"@id":"https:\/\/www.chtrad.com\/#website"},"datePublished":"2024-11-16T20:17:07+00:00","dateModified":"2025-09-25T13:11:26+00:00","description":"Preparation time and journey, service guarantee & quality, approach & per diem - we explain you the cost principles for interpreting services","breadcrumb":{"@id":"https:\/\/www.chtrad.com\/en\/interpreter-rate\/#breadcrumb"},"inLanguage":"en-US","potentialAction":[{"@type":"ReadAction","target":["https:\/\/www.chtrad.com\/en\/interpreter-rate\/"]}]},{"@type":"BreadcrumbList","@id":"https:\/\/www.chtrad.com\/en\/interpreter-rate\/#breadcrumb","itemListElement":[{"@type":"ListItem","position":1,"name":"Accueil","item":"https:\/\/www.chtrad.com\/en\/"},{"@type":"ListItem","position":2,"name":"Rate"}]},{"@type":"WebSite","@id":"https:\/\/www.chtrad.com\/#website","url":"https:\/\/www.chtrad.com\/","name":"CH Traductions","description":"Votre partenaire pour tout \u00e9v\u00e9nement ou projet multilingue, \u00e0 Paris et dans toute la France","publisher":{"@id":"https:\/\/www.chtrad.com\/#organization"},"potentialAction":[{"@type":"SearchAction","target":{"@type":"EntryPoint","urlTemplate":"https:\/\/www.chtrad.com\/?s={search_term_string}"},"query-input":{"@type":"PropertyValueSpecification","valueRequired":true,"valueName":"search_term_string"}}],"inLanguage":"en-US"},{"@type":"Organization","@id":"https:\/\/www.chtrad.com\/#organization","name":"CH Traductions, interpr\u00e9tation et traduction","alternateName":"CHTrad","url":"https:\/\/www.chtrad.com\/","logo":{"@type":"ImageObject","inLanguage":"en-US","@id":"https:\/\/www.chtrad.com\/#\/schema\/logo\/image\/","url":"https:\/\/www.chtrad.com\/wp-content\/uploads\/2024\/11\/traduction-interpretation-paris.jpg","contentUrl":"https:\/\/www.chtrad.com\/wp-content\/uploads\/2024\/11\/traduction-interpretation-paris.jpg","width":512,"height":512,"caption":"CH Traductions, interpr\u00e9tation et traduction"},"image":{"@id":"https:\/\/www.chtrad.com\/#\/schema\/logo\/image\/"}}]}},"uagb_featured_image_src":{"full":false,"thumbnail":false,"medium":false,"medium_large":false,"large":false,"1536x1536":false,"2048x2048":false},"uagb_author_info":{"display_name":"Li","author_link":"https:\/\/www.chtrad.com\/en\/author\/28ew1\/"},"uagb_comment_info":0,"uagb_excerpt":"Interpreter rate Cost principles for interpreting services Preparation time Every assignment, no matter how long, takes time to prepare. It takes just as long to prepare for a one-and-a-half-hour meeting as it does for a day-long or week-long conference. What\u2019s more, a short assignment can be even more challenging, as the interpreter doesn&#8217;t have time&hellip;","_links":{"self":[{"href":"https:\/\/www.chtrad.com\/en\/wp-json\/wp\/v2\/pages\/15000","targetHints":{"allow":["GET"]}}],"collection":[{"href":"https:\/\/www.chtrad.com\/en\/wp-json\/wp\/v2\/pages"}],"about":[{"href":"https:\/\/www.chtrad.com\/en\/wp-json\/wp\/v2\/types\/page"}],"author":[{"embeddable":true,"href":"https:\/\/www.chtrad.com\/en\/wp-json\/wp\/v2\/users\/1"}],"replies":[{"embeddable":true,"href":"https:\/\/www.chtrad.com\/en\/wp-json\/wp\/v2\/comments?post=15000"}],"version-history":[{"count":34,"href":"https:\/\/www.chtrad.com\/en\/wp-json\/wp\/v2\/pages\/15000\/revisions"}],"predecessor-version":[{"id":27147,"href":"https:\/\/www.chtrad.com\/en\/wp-json\/wp\/v2\/pages\/15000\/revisions\/27147"}],"wp:attachment":[{"href":"https:\/\/www.chtrad.com\/en\/wp-json\/wp\/v2\/media?parent=15000"}],"curies":[{"name":"wp","href":"https:\/\/api.w.org\/{rel}","templated":true}]}}