{"id":15006,"date":"2024-11-16T20:23:57","date_gmt":"2024-11-16T20:23:57","guid":{"rendered":"https:\/\/www.chtrad.com\/?page_id=15006"},"modified":"2025-09-25T13:06:59","modified_gmt":"2025-09-25T13:06:59","slug":"professional-interpreter","status":"publish","type":"page","link":"https:\/\/www.chtrad.com\/en\/professional-interpreter\/","title":{"rendered":"Interpreter Pro"},"content":{"rendered":"\n<div class=\"wp-block-uagb-container uagb-block-545a6b87 alignfull uagb-is-root-container\"><div class=\"uagb-container-inner-blocks-wrap\">\n<div class=\"wp-block-uagb-advanced-heading uagb-block-b57c55b5 uag-hide-mob\"><h1 class=\"uagb-heading-text\">Professional interpreter<\/h1><p class=\"uagb-desc-text\">Professional conference interpretation in every language<\/p><\/div>\n\n\n\n<div class=\"uagb-position__sticky wp-block-uagb-container uagb-layout-flex uagb-block-aac04c52 alignfull uagb-is-root-container\"><div class=\"uagb-container-inner-blocks-wrap\">\n<div class=\"wp-block-uagb-marketing-button uagb-marketing-btn__align-left uagb-marketing-btn__align-text-right uagb-marketing-btn__icon-after uagb-block-5ed135ff wp-block-button\"><a href=\"#en-contact\" class=\"uagb-marketing-btn__link wp-block-button__link\" target=\"\" rel=\"noopener noreferrer\"><span class=\"uagb-marketing-btn__title\">Contact us<\/span><\/a><\/div>\n<\/div><\/div>\n<\/div><\/div>\n\n\n\n<div class=\"wp-block-uagb-container uagb-block-lhu0wr6h alignfull uagb-is-root-container\"><div class=\"uagb-container-inner-blocks-wrap\">\n<div class=\"wp-block-uagb-info-box uagb-block-cegsyhzz uagb-infobox__content-wrap  uagb-infobox-icon-above-title uagb-infobox-image-valign-top\"><div class=\"uagb-ifb-content\"><div class=\"uagb-ifb-title-wrap\"><h2 class=\"uagb-ifb-title\">Hiring a professional interpreter ensures:<\/h2><\/div><p class=\"uagb-ifb-desc\"><br>&#8211;&nbsp;Comfort for all participants, allowing each person to express themselves in their native language.<br><br>&#8211; A clear understanding of speakers, ensuring that all participants grasp the points being made without misinterpretation.<br><br>&#8211; Productive exchanges through the nuanced transmission of each other&#8217;s words.<br><br>&#8211; A positive overall impression: a <a href=\"\/en\/\">high-quality interpretation<\/a> service contributes to smooth exchanges, leaving participants with a favourable impression of the event and its setup.<\/p><\/div><\/div>\n\n\n\n<div class=\"wp-block-buttons is-content-justification-right is-layout-flex wp-container-core-buttons-is-layout-d445cf74 wp-block-buttons-is-layout-flex\">\n<div class=\"wp-block-button is-style-swt-button-secondary\"><a class=\"wp-block-button__link has-black-color has-background-background-color has-text-color has-background has-link-color has-border-color has-primary-border-color has-text-align-left wp-element-button\" href=\"\/en\/interpreters-team\/\" style=\"border-width:1px\">+ info on our interpreters<\/a><\/div>\n<\/div>\n<\/div><\/div>\n\n\n\n<div class=\"wp-block-uagb-container uagb-block-df7a7985 alignfull uagb-is-root-container\"><div class=\"uagb-container-inner-blocks-wrap\">\n<div class=\"wp-block-uagb-info-box uagb-block-0062b8a3 uagb-infobox__content-wrap  uagb-infobox-icon-above-title uagb-infobox-image-valign-top\"><div class=\"uagb-ifb-content\"><div class=\"uagb-ifb-title-wrap\"><h2 class=\"uagb-ifb-title\">What exactly does it mean to be a professional interpreter?<\/h2><\/div><p class=\"uagb-ifb-desc\">5 Q&amp;As<\/p><\/div><\/div>\n\n\n\n<div class=\"wp-block-uagb-container uagb-block-7ae01aa0\">\n<div class=\"wp-block-uagb-container uagb-block-10b2bfde\">\n<div class=\"wp-block-uagb-container uagb-block-c9e72e40\">\n<div class=\"wp-block-uagb-advanced-heading uagb-block-58ccb674\"><h3 class=\"uagb-heading-text\">I live abroad, I speak the country&#8217;s language really well, and I&#8217;d like to work for you<\/h3><\/div>\n<\/div>\n\n\n\n<div class=\"wp-block-uagb-container uagb-block-ede9f740\">\n<div class=\"wp-block-uagb-advanced-heading uagb-block-276f7b19\"><p class=\"uagb-heading-text\">That&#8217;s a great start! The path to <strong>professional interpretation <\/strong>begins with a love of foreign languages and a dedication to learning them, which often begins at a very early age.<br><br>However, speaking a foreign language fluently or even mastering it completely does not make you an interpreter.<\/p><\/div>\n<\/div>\n<\/div>\n\n\n\n<div class=\"wp-block-uagb-container uagb-block-b08f0e21\">\n<div class=\"wp-block-uagb-container uagb-block-3ca2eef5\">\n<div class=\"wp-block-uagb-advanced-heading uagb-block-55172467\"><h3 class=\"uagb-heading-text\">Why do we say &#8216;<a href=\"\/en\/translation\/\"><mark class=\"uagb-highlight\">interpret&#8217;<\/mark> rather than &#8216;translate&#8217;?<\/a><\/h3><\/div>\n<\/div>\n\n\n\n<div class=\"wp-block-uagb-container uagb-block-c2f4076b\">\n<div class=\"wp-block-uagb-advanced-heading uagb-block-4e2d387b\"><p class=\"uagb-heading-text\">The interpreter listens to and understands the message in one language (the &#8216;source language&#8217;) and converts it into another language (the &#8216;target language&#8217;), using the appropriate terms, grammatical structures and order of ideas, along with necessary adaptations in the target language.<br><br>Crucially, there is the &#8216;understanding&#8217; phase between &#8216;listening&#8217; and &#8216;speaking&#8217;. In fact, one of the most common questions we get is, &#8220;how do you listen and speak at the same time?&#8221;.<br><br>To do this with clarity, fluidity, elegance and precision, the interpreter must be reactive, have mastered the <strong>technique<\/strong> and be able to cope with stress (which is a common occurrence). When it comes to <a href=\"\/en\/consecutive-simultaneous-interpretation\/\">consecutive interpretation<\/a>, they must also be able to take notes to relay a speech without interrupting the speaker.<\/p><\/div>\n<\/div>\n<\/div>\n\n\n\n<div class=\"wp-block-uagb-container uagb-block-92f110ec\">\n<div class=\"wp-block-uagb-container uagb-block-884d047b\">\n<div class=\"wp-block-uagb-advanced-heading uagb-block-45cbab54\"><h3 class=\"uagb-heading-text\"><mark class=\"uagb-highlight\">How<\/mark> do you become an interpreter?<\/h3><\/div>\n<\/div>\n\n\n\n<div class=\"wp-block-uagb-container uagb-block-1b349d3a\">\n<div class=\"wp-block-uagb-advanced-heading uagb-block-d04e6c40\"><p class=\"uagb-heading-text\">By studying <a href=\"\/en\/conference-interpreting\/\">interpretation<\/a>!<br><br>The interpretation of a wide range of often complex subjects requires the interpreter to have good general knowledge and have mastered the interpretation techniques.<br><br>A future interpreter can only access professional training in consecutive (with note-taking) and <a href=\"\/en\/interpreting-equipment\/\">simultaneous (in a booth) interpretation<\/a> after completing other studies.<br><br>Degrees in political science, economics or law provide the interpreter with a foundational knowledge base that they will further enhance throughout their career.<\/p><\/div>\n<\/div>\n<\/div>\n\n\n\n<div class=\"wp-block-uagb-container uagb-block-e450f139\">\n<div class=\"wp-block-uagb-container uagb-block-8dfa5e6a\">\n<div class=\"wp-block-uagb-advanced-heading uagb-block-56c31c07\"><h3 class=\"uagb-heading-text\">What professional <mark class=\"uagb-highlight\">training <\/mark>is required to become an interpreter?<\/h3><\/div>\n<\/div>\n\n\n\n<div class=\"wp-block-uagb-container uagb-block-bd76a47b\">\n<div class=\"wp-block-uagb-advanced-heading uagb-block-7033af5a\"><p class=\"uagb-heading-text\">To be accepted onto an interpretation course, you must have completed other studies, spent extended periods of time in the countries of the languages learned, and passed the entrance exam for an interpreter school, such as <a href=\"\/en\/interpreter-paris\/\"><strong>ESIT<\/strong> in Paris<\/a> or FTI in Geneva.<br><br>You must also have an excellent command of the foreign languages you wish to work with. Study will help refine these skills but there won\u2019t be time to learn the languages from scratch!<br><br>Over a two-year period, students are trained in the professional techniques of <a href=\"\/en\/consecutive-simultaneous-interpretation\/\"><strong>simultaneous <\/strong>and <strong>consecutive interpretation<\/strong><\/a>. The courses are taught by experienced interpreters who are actively working in the field.<\/p><\/div>\n<\/div>\n<\/div>\n\n\n\n<div class=\"wp-block-uagb-container uagb-block-2ddc1106\">\n<div class=\"wp-block-uagb-container uagb-block-b2cc973f\">\n<div class=\"wp-block-uagb-advanced-heading uagb-block-1fdf75f4\"><h3 class=\"uagb-heading-text\">What <mark class=\"uagb-highlight\">career<\/mark> path after graduation?<\/h3><\/div>\n<\/div>\n\n\n\n<div class=\"wp-block-uagb-container uagb-block-b2ac8c84\">\n<div class=\"wp-block-uagb-advanced-heading uagb-block-83b64120\"><p class=\"uagb-heading-text\">A young graduate interpreter has completed at least <strong>5 years of studies<\/strong>, including two years of training with the best professional interpreters in their language combination.<br><br>They&#8217;ll continue to refine their skills throughout their career by completing assignments with more experienced colleagues and build knowledge in various fields.<br><br>An interesting and relatively unique fact about interpretation is that the young graduate will immediately start working alongside interpreters who were once their teachers.<\/p><\/div>\n<\/div>\n<\/div>\n<\/div>\n<\/div><\/div>\n","protected":false},"excerpt":{"rendered":"<p>Professional interpreter Professional conference interpretation in every language I live abroad, I speak the country&#8217;s language really well, and I&#8217;d like to work for you That&#8217;s a great start! The path to professional interpretation begins with a love of foreign languages and a dedication to learning them, which often begins at a very early age. [&hellip;]<\/p>\n","protected":false},"author":1,"featured_media":18736,"parent":0,"menu_order":0,"comment_status":"closed","ping_status":"closed","template":"","meta":{"_uag_custom_page_level_css":"","_swt_meta_header_display":false,"_swt_meta_footer_display":false,"_swt_meta_site_title_display":false,"_swt_meta_sticky_header":false,"_swt_meta_transparent_header":false,"footnotes":""},"class_list":["post-15006","page","type-page","status-publish","has-post-thumbnail","hentry"],"yoast_head":"<!-- This site is optimized with the Yoast SEO plugin v27.4 - https:\/\/yoast.com\/product\/yoast-seo-wordpress\/ -->\n<title>5 Q&amp;As about professional interpreters - CHTrad, Paris<\/title>\n<meta name=\"description\" content=\"Prerequisites, professional training to become a qualified interpreter and career path after graduation.\" \/>\n<meta name=\"robots\" content=\"index, follow, max-snippet:-1, max-image-preview:large, max-video-preview:-1\" \/>\n<link rel=\"canonical\" href=\"https:\/\/www.chtrad.com\/en\/professional-interpreter\/\" \/>\n<meta property=\"og:locale\" content=\"en_US\" \/>\n<meta property=\"og:type\" content=\"article\" \/>\n<meta property=\"og:title\" content=\"5 Q&amp;As about professional interpreters - CHTrad, Paris\" \/>\n<meta property=\"og:description\" content=\"Prerequisites, professional training to become a qualified interpreter and career path after graduation.\" \/>\n<meta property=\"og:url\" content=\"https:\/\/www.chtrad.com\/en\/professional-interpreter\/\" \/>\n<meta property=\"og:site_name\" content=\"CH Traductions\" \/>\n<meta property=\"article:modified_time\" content=\"2025-09-25T13:06:59+00:00\" \/>\n<meta property=\"og:image\" content=\"https:\/\/www.chtrad.com\/wp-content\/uploads\/2024\/11\/Professional-interpreter-paris.jpg\" \/>\n\t<meta property=\"og:image:width\" content=\"512\" \/>\n\t<meta property=\"og:image:height\" content=\"512\" \/>\n\t<meta property=\"og:image:type\" content=\"image\/jpeg\" \/>\n<meta name=\"twitter:card\" content=\"summary_large_image\" \/>\n<meta name=\"twitter:label1\" content=\"Est. reading time\" \/>\n\t<meta name=\"twitter:data1\" content=\"3 minutes\" \/>\n<script type=\"application\/ld+json\" class=\"yoast-schema-graph\">{\"@context\":\"https:\\\/\\\/schema.org\",\"@graph\":[{\"@type\":\"WebPage\",\"@id\":\"https:\\\/\\\/www.chtrad.com\\\/en\\\/professional-interpreter\\\/\",\"url\":\"https:\\\/\\\/www.chtrad.com\\\/en\\\/professional-interpreter\\\/\",\"name\":\"5 Q&As about professional interpreters - CHTrad, Paris\",\"isPartOf\":{\"@id\":\"https:\\\/\\\/www.chtrad.com\\\/#website\"},\"primaryImageOfPage\":{\"@id\":\"https:\\\/\\\/www.chtrad.com\\\/en\\\/professional-interpreter\\\/#primaryimage\"},\"image\":{\"@id\":\"https:\\\/\\\/www.chtrad.com\\\/en\\\/professional-interpreter\\\/#primaryimage\"},\"thumbnailUrl\":\"https:\\\/\\\/www.chtrad.com\\\/wp-content\\\/uploads\\\/2024\\\/11\\\/Professional-interpreter-paris.jpg\",\"datePublished\":\"2024-11-16T20:23:57+00:00\",\"dateModified\":\"2025-09-25T13:06:59+00:00\",\"description\":\"Prerequisites, professional training to become a qualified interpreter and career path after graduation.\",\"breadcrumb\":{\"@id\":\"https:\\\/\\\/www.chtrad.com\\\/en\\\/professional-interpreter\\\/#breadcrumb\"},\"inLanguage\":\"en-US\",\"potentialAction\":[{\"@type\":\"ReadAction\",\"target\":[\"https:\\\/\\\/www.chtrad.com\\\/en\\\/professional-interpreter\\\/\"]}]},{\"@type\":\"ImageObject\",\"inLanguage\":\"en-US\",\"@id\":\"https:\\\/\\\/www.chtrad.com\\\/en\\\/professional-interpreter\\\/#primaryimage\",\"url\":\"https:\\\/\\\/www.chtrad.com\\\/wp-content\\\/uploads\\\/2024\\\/11\\\/Professional-interpreter-paris.jpg\",\"contentUrl\":\"https:\\\/\\\/www.chtrad.com\\\/wp-content\\\/uploads\\\/2024\\\/11\\\/Professional-interpreter-paris.jpg\",\"width\":512,\"height\":512},{\"@type\":\"BreadcrumbList\",\"@id\":\"https:\\\/\\\/www.chtrad.com\\\/en\\\/professional-interpreter\\\/#breadcrumb\",\"itemListElement\":[{\"@type\":\"ListItem\",\"position\":1,\"name\":\"Accueil\",\"item\":\"https:\\\/\\\/www.chtrad.com\\\/en\\\/\"},{\"@type\":\"ListItem\",\"position\":2,\"name\":\"Interpreter Pro\"}]},{\"@type\":\"WebSite\",\"@id\":\"https:\\\/\\\/www.chtrad.com\\\/#website\",\"url\":\"https:\\\/\\\/www.chtrad.com\\\/\",\"name\":\"CH Traductions\",\"description\":\"Votre partenaire pour tout \u00e9v\u00e9nement ou projet multilingue, \u00e0 Paris et dans toute la France\",\"publisher\":{\"@id\":\"https:\\\/\\\/www.chtrad.com\\\/#organization\"},\"potentialAction\":[{\"@type\":\"SearchAction\",\"target\":{\"@type\":\"EntryPoint\",\"urlTemplate\":\"https:\\\/\\\/www.chtrad.com\\\/?s={search_term_string}\"},\"query-input\":{\"@type\":\"PropertyValueSpecification\",\"valueRequired\":true,\"valueName\":\"search_term_string\"}}],\"inLanguage\":\"en-US\"},{\"@type\":\"Organization\",\"@id\":\"https:\\\/\\\/www.chtrad.com\\\/#organization\",\"name\":\"CH Traductions, interpr\u00e9tation et traduction\",\"alternateName\":\"CHTrad\",\"url\":\"https:\\\/\\\/www.chtrad.com\\\/\",\"logo\":{\"@type\":\"ImageObject\",\"inLanguage\":\"en-US\",\"@id\":\"https:\\\/\\\/www.chtrad.com\\\/#\\\/schema\\\/logo\\\/image\\\/\",\"url\":\"https:\\\/\\\/www.chtrad.com\\\/wp-content\\\/uploads\\\/2024\\\/11\\\/traduction-interpretation-paris.jpg\",\"contentUrl\":\"https:\\\/\\\/www.chtrad.com\\\/wp-content\\\/uploads\\\/2024\\\/11\\\/traduction-interpretation-paris.jpg\",\"width\":512,\"height\":512,\"caption\":\"CH Traductions, interpr\u00e9tation et traduction\"},\"image\":{\"@id\":\"https:\\\/\\\/www.chtrad.com\\\/#\\\/schema\\\/logo\\\/image\\\/\"}}]}<\/script>\n<!-- \/ Yoast SEO plugin. -->","yoast_head_json":{"title":"5 Q&As about professional interpreters - CHTrad, Paris","description":"Prerequisites, professional training to become a qualified interpreter and career path after graduation.","robots":{"index":"index","follow":"follow","max-snippet":"max-snippet:-1","max-image-preview":"max-image-preview:large","max-video-preview":"max-video-preview:-1"},"canonical":"https:\/\/www.chtrad.com\/en\/professional-interpreter\/","og_locale":"en_US","og_type":"article","og_title":"5 Q&As about professional interpreters - CHTrad, Paris","og_description":"Prerequisites, professional training to become a qualified interpreter and career path after graduation.","og_url":"https:\/\/www.chtrad.com\/en\/professional-interpreter\/","og_site_name":"CH Traductions","article_modified_time":"2025-09-25T13:06:59+00:00","og_image":[{"width":512,"height":512,"url":"https:\/\/www.chtrad.com\/wp-content\/uploads\/2024\/11\/Professional-interpreter-paris.jpg","type":"image\/jpeg"}],"twitter_card":"summary_large_image","twitter_misc":{"Est. reading time":"3 minutes"},"schema":{"@context":"https:\/\/schema.org","@graph":[{"@type":"WebPage","@id":"https:\/\/www.chtrad.com\/en\/professional-interpreter\/","url":"https:\/\/www.chtrad.com\/en\/professional-interpreter\/","name":"5 Q&As about professional interpreters - CHTrad, Paris","isPartOf":{"@id":"https:\/\/www.chtrad.com\/#website"},"primaryImageOfPage":{"@id":"https:\/\/www.chtrad.com\/en\/professional-interpreter\/#primaryimage"},"image":{"@id":"https:\/\/www.chtrad.com\/en\/professional-interpreter\/#primaryimage"},"thumbnailUrl":"https:\/\/www.chtrad.com\/wp-content\/uploads\/2024\/11\/Professional-interpreter-paris.jpg","datePublished":"2024-11-16T20:23:57+00:00","dateModified":"2025-09-25T13:06:59+00:00","description":"Prerequisites, professional training to become a qualified interpreter and career path after graduation.","breadcrumb":{"@id":"https:\/\/www.chtrad.com\/en\/professional-interpreter\/#breadcrumb"},"inLanguage":"en-US","potentialAction":[{"@type":"ReadAction","target":["https:\/\/www.chtrad.com\/en\/professional-interpreter\/"]}]},{"@type":"ImageObject","inLanguage":"en-US","@id":"https:\/\/www.chtrad.com\/en\/professional-interpreter\/#primaryimage","url":"https:\/\/www.chtrad.com\/wp-content\/uploads\/2024\/11\/Professional-interpreter-paris.jpg","contentUrl":"https:\/\/www.chtrad.com\/wp-content\/uploads\/2024\/11\/Professional-interpreter-paris.jpg","width":512,"height":512},{"@type":"BreadcrumbList","@id":"https:\/\/www.chtrad.com\/en\/professional-interpreter\/#breadcrumb","itemListElement":[{"@type":"ListItem","position":1,"name":"Accueil","item":"https:\/\/www.chtrad.com\/en\/"},{"@type":"ListItem","position":2,"name":"Interpreter Pro"}]},{"@type":"WebSite","@id":"https:\/\/www.chtrad.com\/#website","url":"https:\/\/www.chtrad.com\/","name":"CH Traductions","description":"Votre partenaire pour tout \u00e9v\u00e9nement ou projet multilingue, \u00e0 Paris et dans toute la France","publisher":{"@id":"https:\/\/www.chtrad.com\/#organization"},"potentialAction":[{"@type":"SearchAction","target":{"@type":"EntryPoint","urlTemplate":"https:\/\/www.chtrad.com\/?s={search_term_string}"},"query-input":{"@type":"PropertyValueSpecification","valueRequired":true,"valueName":"search_term_string"}}],"inLanguage":"en-US"},{"@type":"Organization","@id":"https:\/\/www.chtrad.com\/#organization","name":"CH Traductions, interpr\u00e9tation et traduction","alternateName":"CHTrad","url":"https:\/\/www.chtrad.com\/","logo":{"@type":"ImageObject","inLanguage":"en-US","@id":"https:\/\/www.chtrad.com\/#\/schema\/logo\/image\/","url":"https:\/\/www.chtrad.com\/wp-content\/uploads\/2024\/11\/traduction-interpretation-paris.jpg","contentUrl":"https:\/\/www.chtrad.com\/wp-content\/uploads\/2024\/11\/traduction-interpretation-paris.jpg","width":512,"height":512,"caption":"CH Traductions, interpr\u00e9tation et traduction"},"image":{"@id":"https:\/\/www.chtrad.com\/#\/schema\/logo\/image\/"}}]}},"uagb_featured_image_src":{"full":["https:\/\/www.chtrad.com\/wp-content\/uploads\/2024\/11\/Professional-interpreter-paris.jpg",512,512,false],"thumbnail":["https:\/\/www.chtrad.com\/wp-content\/uploads\/2024\/11\/Professional-interpreter-paris-150x150.jpg",150,150,true],"medium":["https:\/\/www.chtrad.com\/wp-content\/uploads\/2024\/11\/Professional-interpreter-paris-300x300.jpg",300,300,true],"medium_large":["https:\/\/www.chtrad.com\/wp-content\/uploads\/2024\/11\/Professional-interpreter-paris.jpg",512,512,false],"large":["https:\/\/www.chtrad.com\/wp-content\/uploads\/2024\/11\/Professional-interpreter-paris.jpg",512,512,false],"1536x1536":["https:\/\/www.chtrad.com\/wp-content\/uploads\/2024\/11\/Professional-interpreter-paris.jpg",512,512,false],"2048x2048":["https:\/\/www.chtrad.com\/wp-content\/uploads\/2024\/11\/Professional-interpreter-paris.jpg",512,512,false]},"uagb_author_info":{"display_name":"Li","author_link":"https:\/\/www.chtrad.com\/en\/author\/28ew1\/"},"uagb_comment_info":0,"uagb_excerpt":"Professional interpreter Professional conference interpretation in every language I live abroad, I speak the country&#8217;s language really well, and I&#8217;d like to work for you That&#8217;s a great start! The path to professional interpretation begins with a love of foreign languages and a dedication to learning them, which often begins at a very early age.&hellip;","_links":{"self":[{"href":"https:\/\/www.chtrad.com\/en\/wp-json\/wp\/v2\/pages\/15006","targetHints":{"allow":["GET"]}}],"collection":[{"href":"https:\/\/www.chtrad.com\/en\/wp-json\/wp\/v2\/pages"}],"about":[{"href":"https:\/\/www.chtrad.com\/en\/wp-json\/wp\/v2\/types\/page"}],"author":[{"embeddable":true,"href":"https:\/\/www.chtrad.com\/en\/wp-json\/wp\/v2\/users\/1"}],"replies":[{"embeddable":true,"href":"https:\/\/www.chtrad.com\/en\/wp-json\/wp\/v2\/comments?post=15006"}],"version-history":[{"count":54,"href":"https:\/\/www.chtrad.com\/en\/wp-json\/wp\/v2\/pages\/15006\/revisions"}],"predecessor-version":[{"id":27139,"href":"https:\/\/www.chtrad.com\/en\/wp-json\/wp\/v2\/pages\/15006\/revisions\/27139"}],"wp:featuredmedia":[{"embeddable":true,"href":"https:\/\/www.chtrad.com\/en\/wp-json\/wp\/v2\/media\/18736"}],"wp:attachment":[{"href":"https:\/\/www.chtrad.com\/en\/wp-json\/wp\/v2\/media?parent=15006"}],"curies":[{"name":"wp","href":"https:\/\/api.w.org\/{rel}","templated":true}]}}