{"id":21267,"date":"2024-12-17T17:33:58","date_gmt":"2024-12-17T17:33:58","guid":{"rendered":"https:\/\/www.chtrad.com\/?page_id=21267"},"modified":"2024-12-17T17:47:35","modified_gmt":"2024-12-17T17:47:35","slug":"images","status":"publish","type":"page","link":"https:\/\/www.chtrad.com\/en\/images\/","title":{"rendered":"Tina"},"content":{"rendered":"\n<div class=\"wp-block-uagb-container uagb-block-c2048e19 alignfull uagb-is-root-container\"><div class=\"uagb-container-inner-blocks-wrap\">\n<div class=\"wp-block-uagb-info-box uagb-block-c5b7e49c uagb-infobox__content-wrap  uagb-infobox-icon-below-title uagb-infobox-image-valign-top\"><div class=\"uagb-ifb-content\"><div class=\"uagb-ifb-title-wrap\"><h1 class=\"uagb-ifb-title\">Tina SINDALOVSKIY<\/h1><\/div><div class=\"uagb-ifb-image-content\"><img decoding=\"async\" src=\"https:\/\/www.chtrad.com\/wp-content\/uploads\/2024\/12\/tina-sindalovskiy.jpg\" alt=\"\" width=\"200\" height=\"200\" loading=\"lazy\"\/><\/div><p class=\"uagb-ifb-desc\">The images for our site were created by the artist and illustrator Tina Sindalovskiy.<br>&nbsp;<br>She can design your entire brand look or part of it.<br><br>She has that rare quality of listening to \u2013 and understanding! \u2013 your request which she then translates into images with her pen, pencil or mouse.<br><br>Tina lives and works in Israel. You can write to her in Russian, English or Hebrew.<br><em>&nbsp;<\/em><br><br><\/p><\/div><\/div>\n\n\n\n<div class=\"wp-block-uagb-info-box uagb-block-22d13ac0 uagb-infobox__content-wrap  uagb-infobox-icon-above-title uagb-infobox-image-valign-top\"><div class=\"uagb-ifb-content\"><div class=\"uagb-ifb-icon-wrap\"><svg xmlns=\"https:\/\/www.w3.org\/2000\/svg\" viewBox=\"0 0 448 512\"><path d=\"M256 256v64c0 17.67 14.31 32 32 32s32-14.33 32-32V256c0-17.67-14.31-32-32-32S256 238.3 256 256zM200 272H160V352c0 17.67 14.31 32 32 32s32-14.33 32-32V267.6C216.5 270.3 208.5 272 200 272zM72 272C69.26 272 66.66 271.5 64 271.2V480c0 17.67 14.31 32 32 32s32-14.33 32-32V272H72zM416 288V224c0-17.67-14.31-32-32-32s-32 14.33-32 32v64c0 17.67 14.31 32 32 32S416 305.7 416 288zM384 160c11.72 0 22.55 3.381 32 8.879V136C416 60.89 355.1 0 280 0L191.3 0C162.5 0 134.5 9.107 111.2 26.02L74.81 52.47C48 72.03 32 103.5 32 136.6V200C32 222.1 49.91 240 72 240h128c22.09 0 39.1-17.91 39.1-39.1c0-28.73-26.72-40-42.28-40l-69.72 0C119.2 160 112 152.8 112 144S119.2 128 127.1 128H200c37.87 0 68.59 29.35 71.45 66.51C276.8 193.1 282.2 192 288 192c13.28 0 25.6 4.047 35.83 10.97C332.6 178 356.1 160 384 160z\"><\/path><\/svg><\/div><div class=\"uagb-ifb-title-wrap\"><h3 class=\"uagb-ifb-title\"><a href=\"https:\/\/www.tinasi.pictures\">https:\/\/www.tinasi.pictures<\/a><\/h3><\/div><\/div><\/div>\n<\/div><\/div>\n\n\n\n<div class=\"wp-block-uagb-container uagb-block-5dd7d6bc alignfull uagb-is-root-container\"><div class=\"uagb-container-inner-blocks-wrap\">\t\t\t\t\t<div\n\t\t\t\t\t\tclass=\"wp-block-uagb-image-gallery uagb-block-2910b0d5     \"\n\t\t\t\t\t\tstyle=\"\"\n\t\t\t\t\t>\n\t\t\t\t\t\t\t\t\t\t\t<div class=\"spectra-image-gallery spectra-image-gallery__layout--grid spectra-image-gallery__layout--grid-col-6 spectra-image-gallery__layout--grid-col-tab-2 spectra-image-gallery__layout--grid-col-mob-2\">\n\t\t\t\t\t\t\t\t\t\t\t<div class='spectra-image-gallery__media-wrapper' data-spectra-gallery-image-id='21274' tabindex=\"0\">\n\t\t\t\t\t\t\t<div class=\"spectra-image-gallery__media spectra-image-gallery__media--grid\">\n\t\t\t\t<picture>\n\t\t\t\t\t<source media=\"(min-width: 1024px)\" srcset=\"https:\/\/www.chtrad.com\/wp-content\/uploads\/2024\/12\/tina-sindalovskiy-illustrations.jpg\">\n\t\t\t\t\t<source media=\"(min-width: 768px)\" srcset=\"https:\/\/www.chtrad.com\/wp-content\/uploads\/2024\/12\/tina-sindalovskiy-illustrations.jpg\">\n\t\t\t\t\t<img decoding=\"async\" class=\"spectra-image-gallery__media-thumbnail spectra-image-gallery__media-thumbnail--grid\" src=\"https:\/\/www.chtrad.com\/wp-content\/uploads\/2024\/12\/tina-sindalovskiy-illustrations.jpg\" alt=\"\" loading=\"lazy\" \/>\n\t\t\t\t<\/picture>\n\t\t\t\t<div class=\"spectra-image-gallery__media-thumbnail-blurrer\"><\/div>\n\t\t\t\t\t\t\t\t\t\t\t<div class=\"spectra-image-gallery__media-thumbnail-caption-wrapper spectra-image-gallery__media-thumbnail-caption-wrapper--overlay\"><\/div>\n\t\t\t\t\t\t\t\t<\/div>\n\t\t\t\t\t\t<\/div>\n\t\t\t\t\t\t<div class='spectra-image-gallery__media-wrapper' data-spectra-gallery-image-id='21300' tabindex=\"0\">\n\t\t\t\t\t\t\t<div class=\"spectra-image-gallery__media spectra-image-gallery__media--grid\">\n\t\t\t\t<picture>\n\t\t\t\t\t<source media=\"(min-width: 1024px)\" srcset=\"https:\/\/www.chtrad.com\/wp-content\/uploads\/2024\/12\/tina-sindalovsiy-design.jpg\">\n\t\t\t\t\t<source media=\"(min-width: 768px)\" srcset=\"https:\/\/www.chtrad.com\/wp-content\/uploads\/2024\/12\/tina-sindalovsiy-design.jpg\">\n\t\t\t\t\t<img decoding=\"async\" class=\"spectra-image-gallery__media-thumbnail spectra-image-gallery__media-thumbnail--grid\" src=\"https:\/\/www.chtrad.com\/wp-content\/uploads\/2024\/12\/tina-sindalovsiy-design.jpg\" alt=\"\" loading=\"lazy\" \/>\n\t\t\t\t<\/picture>\n\t\t\t\t<div class=\"spectra-image-gallery__media-thumbnail-blurrer\"><\/div>\n\t\t\t\t\t\t\t\t\t\t\t<div class=\"spectra-image-gallery__media-thumbnail-caption-wrapper spectra-image-gallery__media-thumbnail-caption-wrapper--overlay\"><\/div>\n\t\t\t\t\t\t\t\t<\/div>\n\t\t\t\t\t\t<\/div>\n\t\t\t\t\t\t<div class='spectra-image-gallery__media-wrapper' data-spectra-gallery-image-id='21303' tabindex=\"0\">\n\t\t\t\t\t\t\t<div class=\"spectra-image-gallery__media spectra-image-gallery__media--grid\">\n\t\t\t\t<picture>\n\t\t\t\t\t<source media=\"(min-width: 1024px)\" srcset=\"https:\/\/www.chtrad.com\/wp-content\/uploads\/2024\/12\/tina-sindalovskiy-drawing-1.jpg\">\n\t\t\t\t\t<source media=\"(min-width: 768px)\" srcset=\"https:\/\/www.chtrad.com\/wp-content\/uploads\/2024\/12\/tina-sindalovskiy-drawing-1.jpg\">\n\t\t\t\t\t<img decoding=\"async\" class=\"spectra-image-gallery__media-thumbnail spectra-image-gallery__media-thumbnail--grid\" src=\"https:\/\/www.chtrad.com\/wp-content\/uploads\/2024\/12\/tina-sindalovskiy-drawing-1.jpg\" alt=\"\" loading=\"lazy\" \/>\n\t\t\t\t<\/picture>\n\t\t\t\t<div class=\"spectra-image-gallery__media-thumbnail-blurrer\"><\/div>\n\t\t\t\t\t\t\t\t\t\t\t<div class=\"spectra-image-gallery__media-thumbnail-caption-wrapper spectra-image-gallery__media-thumbnail-caption-wrapper--overlay\"><\/div>\n\t\t\t\t\t\t\t\t<\/div>\n\t\t\t\t\t\t<\/div>\n\t\t\t\t\t\t<div class='spectra-image-gallery__media-wrapper' data-spectra-gallery-image-id='21283' tabindex=\"0\">\n\t\t\t\t\t\t\t<div class=\"spectra-image-gallery__media spectra-image-gallery__media--grid\">\n\t\t\t\t<picture>\n\t\t\t\t\t<source media=\"(min-width: 1024px)\" srcset=\"https:\/\/www.chtrad.com\/wp-content\/uploads\/2024\/12\/tina-sindalovskiy-drawing.jpg\">\n\t\t\t\t\t<source media=\"(min-width: 768px)\" srcset=\"https:\/\/www.chtrad.com\/wp-content\/uploads\/2024\/12\/tina-sindalovskiy-drawing.jpg\">\n\t\t\t\t\t<img decoding=\"async\" class=\"spectra-image-gallery__media-thumbnail spectra-image-gallery__media-thumbnail--grid\" src=\"https:\/\/www.chtrad.com\/wp-content\/uploads\/2024\/12\/tina-sindalovskiy-drawing.jpg\" alt=\"\" loading=\"lazy\" \/>\n\t\t\t\t<\/picture>\n\t\t\t\t<div class=\"spectra-image-gallery__media-thumbnail-blurrer\"><\/div>\n\t\t\t\t\t\t\t\t\t\t\t<div class=\"spectra-image-gallery__media-thumbnail-caption-wrapper spectra-image-gallery__media-thumbnail-caption-wrapper--overlay\"><\/div>\n\t\t\t\t\t\t\t\t<\/div>\n\t\t\t\t\t\t<\/div>\n\t\t\t\t\t\t<div class='spectra-image-gallery__media-wrapper' data-spectra-gallery-image-id='21306' tabindex=\"0\">\n\t\t\t\t\t\t\t<div class=\"spectra-image-gallery__media spectra-image-gallery__media--grid\">\n\t\t\t\t<picture>\n\t\t\t\t\t<source media=\"(min-width: 1024px)\" srcset=\"https:\/\/www.chtrad.com\/wp-content\/uploads\/2024\/12\/tina-sindalovskiy-postcard.jpg\">\n\t\t\t\t\t<source media=\"(min-width: 768px)\" srcset=\"https:\/\/www.chtrad.com\/wp-content\/uploads\/2024\/12\/tina-sindalovskiy-postcard.jpg\">\n\t\t\t\t\t<img decoding=\"async\" class=\"spectra-image-gallery__media-thumbnail spectra-image-gallery__media-thumbnail--grid\" src=\"https:\/\/www.chtrad.com\/wp-content\/uploads\/2024\/12\/tina-sindalovskiy-postcard.jpg\" alt=\"\" loading=\"lazy\" \/>\n\t\t\t\t<\/picture>\n\t\t\t\t<div class=\"spectra-image-gallery__media-thumbnail-blurrer\"><\/div>\n\t\t\t\t\t\t\t\t\t\t\t<div class=\"spectra-image-gallery__media-thumbnail-caption-wrapper spectra-image-gallery__media-thumbnail-caption-wrapper--overlay\"><\/div>\n\t\t\t\t\t\t\t\t<\/div>\n\t\t\t\t\t\t<\/div>\n\t\t\t\t\t\t<div class='spectra-image-gallery__media-wrapper' data-spectra-gallery-image-id='21286' tabindex=\"0\">\n\t\t\t\t\t\t\t<div class=\"spectra-image-gallery__media spectra-image-gallery__media--grid\">\n\t\t\t\t<picture>\n\t\t\t\t\t<source media=\"(min-width: 1024px)\" srcset=\"https:\/\/www.chtrad.com\/wp-content\/uploads\/2024\/12\/tina-sindalovskiy-grafic-design.jpg\">\n\t\t\t\t\t<source media=\"(min-width: 768px)\" srcset=\"https:\/\/www.chtrad.com\/wp-content\/uploads\/2024\/12\/tina-sindalovskiy-grafic-design.jpg\">\n\t\t\t\t\t<img decoding=\"async\" class=\"spectra-image-gallery__media-thumbnail spectra-image-gallery__media-thumbnail--grid\" src=\"https:\/\/www.chtrad.com\/wp-content\/uploads\/2024\/12\/tina-sindalovskiy-grafic-design.jpg\" alt=\"\" loading=\"lazy\" \/>\n\t\t\t\t<\/picture>\n\t\t\t\t<div class=\"spectra-image-gallery__media-thumbnail-blurrer\"><\/div>\n\t\t\t\t\t\t\t\t\t\t\t<div class=\"spectra-image-gallery__media-thumbnail-caption-wrapper spectra-image-gallery__media-thumbnail-caption-wrapper--overlay\"><\/div>\n\t\t\t\t\t\t\t\t<\/div>\n\t\t\t\t\t\t<\/div>\n\t\t\t\t\t\t\t\t\t\t<\/div>\n\t\t\t\t\t\t\t\t\t\t\t\t\t\t\t\t\t\t<\/div>\n\t\t\t\t\t\t\t\t\t\t\t<div class='spectra-image-gallery__control-lightbox' tabindex='0'>\n\t\t\t\t\t\t\t\t\t\t\t<div class=\"swiper spectra-image-gallery__control-lightbox--main\" dir=\"\">\n\t\t\t\t\t<div class=\"swiper-wrapper\">\n\t\t\t\t\t\t\t\t\t\t\t\t\t\n\t\t\t\t\t\t\t<div class=\"swiper-slide\">\n\t\t\t\t\t\t\t\t<img class=\"swiper-lazy\" data-src=\"https:\/\/www.chtrad.com\/wp-content\/uploads\/2024\/12\/tina-sindalovskiy-illustrations.jpg\" alt=\"\"\/>\n\t\t\t\t\t\t\t\t<div class=\"swiper-lazy-preloader swiper-lazy-preloader-white\"><\/div>\n\t\t\t\t\t\t\t\t\t\t\t\t\t\t\t<\/div>\n\t\t\t\t\t\t\t\t\t\t\t\t\t\n\t\t\t\t\t\t\t<div class=\"swiper-slide\">\n\t\t\t\t\t\t\t\t<img class=\"swiper-lazy\" data-src=\"https:\/\/www.chtrad.com\/wp-content\/uploads\/2024\/12\/tina-sindalovsiy-design.jpg\" alt=\"\"\/>\n\t\t\t\t\t\t\t\t<div class=\"swiper-lazy-preloader swiper-lazy-preloader-white\"><\/div>\n\t\t\t\t\t\t\t\t\t\t\t\t\t\t\t<\/div>\n\t\t\t\t\t\t\t\t\t\t\t\t\t\n\t\t\t\t\t\t\t<div class=\"swiper-slide\">\n\t\t\t\t\t\t\t\t<img class=\"swiper-lazy\" data-src=\"https:\/\/www.chtrad.com\/wp-content\/uploads\/2024\/12\/tina-sindalovskiy-drawing-1.jpg\" alt=\"\"\/>\n\t\t\t\t\t\t\t\t<div class=\"swiper-lazy-preloader swiper-lazy-preloader-white\"><\/div>\n\t\t\t\t\t\t\t\t\t\t\t\t\t\t\t<\/div>\n\t\t\t\t\t\t\t\t\t\t\t\t\t\n\t\t\t\t\t\t\t<div class=\"swiper-slide\">\n\t\t\t\t\t\t\t\t<img class=\"swiper-lazy\" data-src=\"https:\/\/www.chtrad.com\/wp-content\/uploads\/2024\/12\/tina-sindalovskiy-drawing.jpg\" alt=\"\"\/>\n\t\t\t\t\t\t\t\t<div class=\"swiper-lazy-preloader swiper-lazy-preloader-white\"><\/div>\n\t\t\t\t\t\t\t\t\t\t\t\t\t\t\t<\/div>\n\t\t\t\t\t\t\t\t\t\t\t\t\t\n\t\t\t\t\t\t\t<div class=\"swiper-slide\">\n\t\t\t\t\t\t\t\t<img class=\"swiper-lazy\" data-src=\"https:\/\/www.chtrad.com\/wp-content\/uploads\/2024\/12\/tina-sindalovskiy-postcard.jpg\" alt=\"\"\/>\n\t\t\t\t\t\t\t\t<div class=\"swiper-lazy-preloader swiper-lazy-preloader-white\"><\/div>\n\t\t\t\t\t\t\t\t\t\t\t\t\t\t\t<\/div>\n\t\t\t\t\t\t\t\t\t\t\t\t\t\n\t\t\t\t\t\t\t<div class=\"swiper-slide\">\n\t\t\t\t\t\t\t\t<img class=\"swiper-lazy\" data-src=\"https:\/\/www.chtrad.com\/wp-content\/uploads\/2024\/12\/tina-sindalovskiy-grafic-design.jpg\" alt=\"\"\/>\n\t\t\t\t\t\t\t\t<div class=\"swiper-lazy-preloader swiper-lazy-preloader-white\"><\/div>\n\t\t\t\t\t\t\t\t\t\t\t\t\t\t\t<\/div>\n\t\t\t\t\t\t\t\t\t\t\t<\/div>\n\t\t\t\t\t<div class=\"swiper-button-next\"><\/div>\n\t\t\t\t\t<div class=\"swiper-button-prev\"><\/div>\n\t\t\t\t<\/div>\t\t\t\n\t\t\t\t\t\t\t\t\t\t\t\t\t\t\t\t\t\t\t\t\t\t\t\t\t\t\t\t\t\t\t\t<button class='spectra-image-gallery__control-lightbox--close' aria-label=\"Close\">\n\t\t\t\t\t\t\t\t\t\t\t\t\t<svg xmlns=\"https:\/\/www.w3.org\/2000\/svg\" viewBox= \"0 0 320 512\"><path d=\"M310.6 361.4c12.5 12.5 12.5 32.75 0 45.25C304.4 412.9 296.2 416 288 416s-16.38-3.125-22.62-9.375L160 301.3L54.63 406.6C48.38 412.9 40.19 416 32 416S15.63 412.9 9.375 406.6c-12.5-12.5-12.5-32.75 0-45.25l105.4-105.4L9.375 150.6c-12.5-12.5-12.5-32.75 0-45.25s32.75-12.5 45.25 0L160 210.8l105.4-105.4c12.5-12.5 32.75-12.5 45.25 0s12.5 32.75 0 45.25l-105.4 105.4L310.6 361.4z\"><\/path><\/svg>\n\t\t\t\t\t\t\t\t\t\t\t\t<\/button>\n\t\t\t\t\t\t\t\t\t\t\t\t\t<\/div>\n\t\t\t\t\t\t\t\t\t<\/div><\/div>\n","protected":false},"excerpt":{"rendered":"","protected":false},"author":1,"featured_media":19026,"parent":0,"menu_order":0,"comment_status":"closed","ping_status":"closed","template":"","meta":{"_uag_custom_page_level_css":"","_swt_meta_header_display":false,"_swt_meta_footer_display":false,"_swt_meta_site_title_display":false,"_swt_meta_sticky_header":false,"_swt_meta_transparent_header":false,"footnotes":""},"class_list":["post-21267","page","type-page","status-publish","has-post-thumbnail","hentry"],"yoast_head":"<!-- This site is optimized with the Yoast SEO plugin v27.4 - https:\/\/yoast.com\/product\/yoast-seo-wordpress\/ -->\n<title>CHTraductions - our images<\/title>\n<meta name=\"description\" content=\"The images for our site were created by the artist and illustrator Tina Sindalovskiy.\" \/>\n<meta name=\"robots\" content=\"index, follow, max-snippet:-1, max-image-preview:large, max-video-preview:-1\" \/>\n<link rel=\"canonical\" href=\"https:\/\/www.chtrad.com\/en\/images\/\" \/>\n<meta property=\"og:locale\" content=\"en_US\" \/>\n<meta property=\"og:type\" content=\"article\" \/>\n<meta property=\"og:title\" content=\"CHTraductions - our images\" \/>\n<meta property=\"og:description\" content=\"The images for our site were created by the artist and illustrator Tina Sindalovskiy.\" \/>\n<meta property=\"og:url\" content=\"https:\/\/www.chtrad.com\/en\/images\/\" \/>\n<meta property=\"og:site_name\" content=\"CH Traductions\" \/>\n<meta property=\"article:modified_time\" content=\"2024-12-17T17:47:35+00:00\" \/>\n<meta property=\"og:image\" content=\"https:\/\/www.chtrad.com\/wp-content\/uploads\/2024\/11\/01.jpg\" \/>\n\t<meta property=\"og:image:width\" content=\"512\" \/>\n\t<meta property=\"og:image:height\" content=\"512\" \/>\n\t<meta property=\"og:image:type\" content=\"image\/jpeg\" \/>\n<meta name=\"twitter:card\" content=\"summary_large_image\" \/>\n<meta name=\"twitter:label1\" content=\"Est. reading time\" \/>\n\t<meta name=\"twitter:data1\" content=\"1 minute\" \/>\n<script type=\"application\/ld+json\" class=\"yoast-schema-graph\">{\"@context\":\"https:\\\/\\\/schema.org\",\"@graph\":[{\"@type\":\"WebPage\",\"@id\":\"https:\\\/\\\/www.chtrad.com\\\/en\\\/images\\\/\",\"url\":\"https:\\\/\\\/www.chtrad.com\\\/en\\\/images\\\/\",\"name\":\"CHTraductions - our images\",\"isPartOf\":{\"@id\":\"https:\\\/\\\/www.chtrad.com\\\/#website\"},\"primaryImageOfPage\":{\"@id\":\"https:\\\/\\\/www.chtrad.com\\\/en\\\/images\\\/#primaryimage\"},\"image\":{\"@id\":\"https:\\\/\\\/www.chtrad.com\\\/en\\\/images\\\/#primaryimage\"},\"thumbnailUrl\":\"https:\\\/\\\/www.chtrad.com\\\/wp-content\\\/uploads\\\/2024\\\/11\\\/01.jpg\",\"datePublished\":\"2024-12-17T17:33:58+00:00\",\"dateModified\":\"2024-12-17T17:47:35+00:00\",\"description\":\"The images for our site were created by the artist and illustrator Tina Sindalovskiy.\",\"breadcrumb\":{\"@id\":\"https:\\\/\\\/www.chtrad.com\\\/en\\\/images\\\/#breadcrumb\"},\"inLanguage\":\"en-US\",\"potentialAction\":[{\"@type\":\"ReadAction\",\"target\":[\"https:\\\/\\\/www.chtrad.com\\\/en\\\/images\\\/\"]}]},{\"@type\":\"ImageObject\",\"inLanguage\":\"en-US\",\"@id\":\"https:\\\/\\\/www.chtrad.com\\\/en\\\/images\\\/#primaryimage\",\"url\":\"https:\\\/\\\/www.chtrad.com\\\/wp-content\\\/uploads\\\/2024\\\/11\\\/01.jpg\",\"contentUrl\":\"https:\\\/\\\/www.chtrad.com\\\/wp-content\\\/uploads\\\/2024\\\/11\\\/01.jpg\",\"width\":512,\"height\":512},{\"@type\":\"BreadcrumbList\",\"@id\":\"https:\\\/\\\/www.chtrad.com\\\/en\\\/images\\\/#breadcrumb\",\"itemListElement\":[{\"@type\":\"ListItem\",\"position\":1,\"name\":\"Accueil\",\"item\":\"https:\\\/\\\/www.chtrad.com\\\/en\\\/\"},{\"@type\":\"ListItem\",\"position\":2,\"name\":\"Tina\"}]},{\"@type\":\"WebSite\",\"@id\":\"https:\\\/\\\/www.chtrad.com\\\/#website\",\"url\":\"https:\\\/\\\/www.chtrad.com\\\/\",\"name\":\"CH Traductions\",\"description\":\"Votre partenaire pour tout \u00e9v\u00e9nement ou projet multilingue, \u00e0 Paris et dans toute la France\",\"publisher\":{\"@id\":\"https:\\\/\\\/www.chtrad.com\\\/#organization\"},\"potentialAction\":[{\"@type\":\"SearchAction\",\"target\":{\"@type\":\"EntryPoint\",\"urlTemplate\":\"https:\\\/\\\/www.chtrad.com\\\/?s={search_term_string}\"},\"query-input\":{\"@type\":\"PropertyValueSpecification\",\"valueRequired\":true,\"valueName\":\"search_term_string\"}}],\"inLanguage\":\"en-US\"},{\"@type\":\"Organization\",\"@id\":\"https:\\\/\\\/www.chtrad.com\\\/#organization\",\"name\":\"CH Traductions, interpr\u00e9tation et traduction\",\"alternateName\":\"CHTrad\",\"url\":\"https:\\\/\\\/www.chtrad.com\\\/\",\"logo\":{\"@type\":\"ImageObject\",\"inLanguage\":\"en-US\",\"@id\":\"https:\\\/\\\/www.chtrad.com\\\/#\\\/schema\\\/logo\\\/image\\\/\",\"url\":\"https:\\\/\\\/www.chtrad.com\\\/wp-content\\\/uploads\\\/2024\\\/11\\\/traduction-interpretation-paris.jpg\",\"contentUrl\":\"https:\\\/\\\/www.chtrad.com\\\/wp-content\\\/uploads\\\/2024\\\/11\\\/traduction-interpretation-paris.jpg\",\"width\":512,\"height\":512,\"caption\":\"CH Traductions, interpr\u00e9tation et traduction\"},\"image\":{\"@id\":\"https:\\\/\\\/www.chtrad.com\\\/#\\\/schema\\\/logo\\\/image\\\/\"}}]}<\/script>\n<!-- \/ Yoast SEO plugin. -->","yoast_head_json":{"title":"CHTraductions - our images","description":"The images for our site were created by the artist and illustrator Tina Sindalovskiy.","robots":{"index":"index","follow":"follow","max-snippet":"max-snippet:-1","max-image-preview":"max-image-preview:large","max-video-preview":"max-video-preview:-1"},"canonical":"https:\/\/www.chtrad.com\/en\/images\/","og_locale":"en_US","og_type":"article","og_title":"CHTraductions - our images","og_description":"The images for our site were created by the artist and illustrator Tina Sindalovskiy.","og_url":"https:\/\/www.chtrad.com\/en\/images\/","og_site_name":"CH Traductions","article_modified_time":"2024-12-17T17:47:35+00:00","og_image":[{"width":512,"height":512,"url":"https:\/\/www.chtrad.com\/wp-content\/uploads\/2024\/11\/01.jpg","type":"image\/jpeg"}],"twitter_card":"summary_large_image","twitter_misc":{"Est. reading time":"1 minute"},"schema":{"@context":"https:\/\/schema.org","@graph":[{"@type":"WebPage","@id":"https:\/\/www.chtrad.com\/en\/images\/","url":"https:\/\/www.chtrad.com\/en\/images\/","name":"CHTraductions - our images","isPartOf":{"@id":"https:\/\/www.chtrad.com\/#website"},"primaryImageOfPage":{"@id":"https:\/\/www.chtrad.com\/en\/images\/#primaryimage"},"image":{"@id":"https:\/\/www.chtrad.com\/en\/images\/#primaryimage"},"thumbnailUrl":"https:\/\/www.chtrad.com\/wp-content\/uploads\/2024\/11\/01.jpg","datePublished":"2024-12-17T17:33:58+00:00","dateModified":"2024-12-17T17:47:35+00:00","description":"The images for our site were created by the artist and illustrator Tina Sindalovskiy.","breadcrumb":{"@id":"https:\/\/www.chtrad.com\/en\/images\/#breadcrumb"},"inLanguage":"en-US","potentialAction":[{"@type":"ReadAction","target":["https:\/\/www.chtrad.com\/en\/images\/"]}]},{"@type":"ImageObject","inLanguage":"en-US","@id":"https:\/\/www.chtrad.com\/en\/images\/#primaryimage","url":"https:\/\/www.chtrad.com\/wp-content\/uploads\/2024\/11\/01.jpg","contentUrl":"https:\/\/www.chtrad.com\/wp-content\/uploads\/2024\/11\/01.jpg","width":512,"height":512},{"@type":"BreadcrumbList","@id":"https:\/\/www.chtrad.com\/en\/images\/#breadcrumb","itemListElement":[{"@type":"ListItem","position":1,"name":"Accueil","item":"https:\/\/www.chtrad.com\/en\/"},{"@type":"ListItem","position":2,"name":"Tina"}]},{"@type":"WebSite","@id":"https:\/\/www.chtrad.com\/#website","url":"https:\/\/www.chtrad.com\/","name":"CH Traductions","description":"Votre partenaire pour tout \u00e9v\u00e9nement ou projet multilingue, \u00e0 Paris et dans toute la France","publisher":{"@id":"https:\/\/www.chtrad.com\/#organization"},"potentialAction":[{"@type":"SearchAction","target":{"@type":"EntryPoint","urlTemplate":"https:\/\/www.chtrad.com\/?s={search_term_string}"},"query-input":{"@type":"PropertyValueSpecification","valueRequired":true,"valueName":"search_term_string"}}],"inLanguage":"en-US"},{"@type":"Organization","@id":"https:\/\/www.chtrad.com\/#organization","name":"CH Traductions, interpr\u00e9tation et traduction","alternateName":"CHTrad","url":"https:\/\/www.chtrad.com\/","logo":{"@type":"ImageObject","inLanguage":"en-US","@id":"https:\/\/www.chtrad.com\/#\/schema\/logo\/image\/","url":"https:\/\/www.chtrad.com\/wp-content\/uploads\/2024\/11\/traduction-interpretation-paris.jpg","contentUrl":"https:\/\/www.chtrad.com\/wp-content\/uploads\/2024\/11\/traduction-interpretation-paris.jpg","width":512,"height":512,"caption":"CH Traductions, interpr\u00e9tation et traduction"},"image":{"@id":"https:\/\/www.chtrad.com\/#\/schema\/logo\/image\/"}}]}},"uagb_featured_image_src":{"full":["https:\/\/www.chtrad.com\/wp-content\/uploads\/2024\/11\/01.jpg",512,512,false],"thumbnail":["https:\/\/www.chtrad.com\/wp-content\/uploads\/2024\/11\/01-150x150.jpg",150,150,true],"medium":["https:\/\/www.chtrad.com\/wp-content\/uploads\/2024\/11\/01-300x300.jpg",300,300,true],"medium_large":["https:\/\/www.chtrad.com\/wp-content\/uploads\/2024\/11\/01.jpg",512,512,false],"large":["https:\/\/www.chtrad.com\/wp-content\/uploads\/2024\/11\/01.jpg",512,512,false],"1536x1536":["https:\/\/www.chtrad.com\/wp-content\/uploads\/2024\/11\/01.jpg",512,512,false],"2048x2048":["https:\/\/www.chtrad.com\/wp-content\/uploads\/2024\/11\/01.jpg",512,512,false]},"uagb_author_info":{"display_name":"Li","author_link":"https:\/\/www.chtrad.com\/en\/author\/28ew1\/"},"uagb_comment_info":0,"uagb_excerpt":null,"_links":{"self":[{"href":"https:\/\/www.chtrad.com\/en\/wp-json\/wp\/v2\/pages\/21267","targetHints":{"allow":["GET"]}}],"collection":[{"href":"https:\/\/www.chtrad.com\/en\/wp-json\/wp\/v2\/pages"}],"about":[{"href":"https:\/\/www.chtrad.com\/en\/wp-json\/wp\/v2\/types\/page"}],"author":[{"embeddable":true,"href":"https:\/\/www.chtrad.com\/en\/wp-json\/wp\/v2\/users\/1"}],"replies":[{"embeddable":true,"href":"https:\/\/www.chtrad.com\/en\/wp-json\/wp\/v2\/comments?post=21267"}],"version-history":[{"count":24,"href":"https:\/\/www.chtrad.com\/en\/wp-json\/wp\/v2\/pages\/21267\/revisions"}],"predecessor-version":[{"id":21335,"href":"https:\/\/www.chtrad.com\/en\/wp-json\/wp\/v2\/pages\/21267\/revisions\/21335"}],"wp:featuredmedia":[{"embeddable":true,"href":"https:\/\/www.chtrad.com\/en\/wp-json\/wp\/v2\/media\/19026"}],"wp:attachment":[{"href":"https:\/\/www.chtrad.com\/en\/wp-json\/wp\/v2\/media?parent=21267"}],"curies":[{"name":"wp","href":"https:\/\/api.w.org\/{rel}","templated":true}]}}